{"id":1195,"date":"2013-04-05T16:38:18","date_gmt":"2013-04-05T16:38:18","guid":{"rendered":"http:\/\/www.kriesi.at\/themes\/enfold\/?page_id=1195"},"modified":"2023-06-27T15:34:30","modified_gmt":"2023-06-27T20:34:30","slug":"quienes-somos","status":"publish","type":"page","link":"https:\/\/www.gruporen.com\/index.php\/quienes-somos\/","title":{"rendered":"Qui\u00e9nes Somos"},"content":{"rendered":"<div  class='flex_column av-28nlch7-1045ce400d8ea19edecd438b0df8aceb av_one_half  avia-builder-el-0  el_before_av_one_half  avia-builder-el-first  first flex_column_div  '     ><style type=\"text\/css\" data-created_by=\"avia_inline_auto\" id=\"style-css-av-kjnxzs3d-28d57286aef25bcb1d051724397f932d\">\n.avia-image-container.av-kjnxzs3d-28d57286aef25bcb1d051724397f932d img.avia_image{\nbox-shadow:none;\n}\n.avia-image-container.av-kjnxzs3d-28d57286aef25bcb1d051724397f932d .av-image-caption-overlay-center{\ncolor:#ffffff;\n}\n<\/style>\n<div  class='avia-image-container av-kjnxzs3d-28d57286aef25bcb1d051724397f932d av-styling- av-hover-grow avia-align-center  avia-builder-el-1  avia-builder-el-no-sibling '   itemprop=\"image\" itemscope=\"itemscope\" itemtype=\"https:\/\/schema.org\/ImageObject\" ><div class=\"avia-image-container-inner\"><div class=\"avia-image-overlay-wrap\"><img decoding=\"async\" fetchpriority=\"high\" class='wp-image-3692 avia-img-lazy-loading-not-3692 avia_image ' src=\"https:\/\/www.gruporen.com\/wp-content\/uploads\/2021\/08\/Grupo-Ren.png\" alt='' title='Grupo Ren'  height=\"90\" width=\"285\"  itemprop=\"thumbnailUrl\"  \/><\/div><\/div><\/div><\/div><div  class='flex_column av-1zsoq0b-1b07bade9e4204791a2c53f4b4748fae av_one_half  avia-builder-el-2  el_after_av_one_half  el_before_av_one_full  flex_column_div  '     ><p>\n<style type=\"text\/css\" data-created_by=\"avia_inline_auto\" id=\"style-css-av-26z6bf-27970b78c2549ed3c525b1cd5f3683cb\">\n#top .av-special-heading.av-26z6bf-27970b78c2549ed3c525b1cd5f3683cb{\npadding-bottom:10px;\n}\nbody .av-special-heading.av-26z6bf-27970b78c2549ed3c525b1cd5f3683cb .av-special-heading-tag .heading-char{\nfont-size:25px;\n}\n.av-special-heading.av-26z6bf-27970b78c2549ed3c525b1cd5f3683cb .av-subheading{\nfont-size:15px;\n}\n<\/style>\n<div  class='av-special-heading av-26z6bf-27970b78c2549ed3c525b1cd5f3683cb av-special-heading-h3 meta-heading  avia-builder-el-3  el_before_av_textblock  avia-builder-el-first '><h3 class='av-special-heading-tag '  itemprop=\"headline\"  >Bienvenido a Grupo Ren<\/h3><div class=\"special-heading-border\"><div class=\"special-heading-inner-border\"><\/div><\/div><\/div><br \/>\n<section  class='av_textblock_section av-1w4bmsr-bacbd2f0ed3239072c39f1cec801e80c '   itemscope=\"itemscope\" itemtype=\"https:\/\/schema.org\/CreativeWork\" ><div class='avia_textblock'  itemprop=\"text\" ><p>Nuestra misi\u00f3n es crear valor y contribuir al desarrollo de la sociedad aportando al bienestar y la calidad de vida de nuestros usuarios finales, clientes mediante la prestaci\u00f3n de servicios orientados a garantizar la integridad, trazabilidad, transparencia, an\u00e1lisis estad\u00edsticos en la ejecuci\u00f3n de nuestros servicios mediante la generaci\u00f3n de actividades bajo altos est\u00e1ndares de calidad t\u00e9cnica, el cumplimiento normativo y control.<\/p>\n<p>Nos esforzamos por actuar con responsabilidad y \u00e9tica frente a nuestro cliente y el usuario final, bajo un modelo riguroso de mejoramiento continuo y con enfoque en la pertinencia t\u00e9cnica y uso de sistemas de informaci\u00f3n.<\/p>\n<h4><\/h4>\n<\/div><\/section><\/p><\/div><\/p>\n\n<style type=\"text\/css\" data-created_by=\"avia_inline_auto\" id=\"style-css-av-2spxbv-279d02a687d3270c1c9b00decfd39c20\">\n.flex_column.av-2spxbv-279d02a687d3270c1c9b00decfd39c20{\nborder-radius:0px 0px 0px 0px;\npadding:0px 0px 0px 0px;\n}\n<\/style>\n<div  class='flex_column av-2spxbv-279d02a687d3270c1c9b00decfd39c20 av_one_full  avia-builder-el-5  el_after_av_one_half  el_before_av_one_half  first flex_column_div av-zero-column-padding  column-top-margin'     ><style type=\"text\/css\" data-created_by=\"avia_inline_auto\" id=\"style-css-av-2hmem3-6ea8f6da88e5661a11f14c7eedef9076\">\n#top .hr.hr-invisible.av-2hmem3-6ea8f6da88e5661a11f14c7eedef9076{\nheight:50px;\n}\n<\/style>\n<div  class='hr av-2hmem3-6ea8f6da88e5661a11f14c7eedef9076 hr-invisible  avia-builder-el-6  avia-builder-el-no-sibling '><span class='hr-inner '><span class=\"hr-inner-style\"><\/span><\/span><\/div><\/div>\n\n<style type=\"text\/css\" data-created_by=\"avia_inline_auto\" id=\"style-css-av-413d1n-33b72c5a9ee83859ccfe65390f78d4e9\">\n.flex_column.av-413d1n-33b72c5a9ee83859ccfe65390f78d4e9{\nborder-radius:0px 0px 0px 0px;\npadding:0px 0px 0px 0px;\n}\n<\/style>\n<div  class='flex_column av-413d1n-33b72c5a9ee83859ccfe65390f78d4e9 av_one_half  avia-builder-el-7  el_after_av_one_full  el_before_av_one_half  first flex_column_div av-zero-column-padding  column-top-margin'     ><p>\n<style type=\"text\/css\" data-created_by=\"avia_inline_auto\" id=\"style-css-av-kr1fcugd-aeb0520f53831e7528502a51ce319646\">\n#top .av-special-heading.av-kr1fcugd-aeb0520f53831e7528502a51ce319646{\npadding-bottom:10px;\n}\nbody .av-special-heading.av-kr1fcugd-aeb0520f53831e7528502a51ce319646 .av-special-heading-tag .heading-char{\nfont-size:25px;\n}\n.av-special-heading.av-kr1fcugd-aeb0520f53831e7528502a51ce319646 .av-subheading{\nfont-size:15px;\n}\n<\/style>\n<div  class='av-special-heading av-kr1fcugd-aeb0520f53831e7528502a51ce319646 av-special-heading-h3 meta-heading  avia-builder-el-8  el_before_av_textblock  avia-builder-el-first '><h3 class='av-special-heading-tag '  itemprop=\"headline\"  >Nuestra Misi\u00f3n<\/h3><div class=\"special-heading-border\"><div class=\"special-heading-inner-border\"><\/div><\/div><\/div><br \/>\n<section  class='av_textblock_section av-1v82u3-69fe075248e116a6a1896b430fa68ae9 '   itemscope=\"itemscope\" itemtype=\"https:\/\/schema.org\/CreativeWork\" ><div class='avia_textblock'  itemprop=\"text\" ><p>Apoyamos a nuestros clientes en el desarrollo de su misi\u00f3n, basados en la \u00e9tica, el reconocimiento humano y el mejoramiento continuo, por medio de consultor\u00edas y asesor\u00edas de proyectos integrales de aseguramiento.<\/p>\n<p>Nos esforzamos por actuar con responsabilidad y \u00e9tica frente a nuestro cliente y el usuario final, bajo un modelo riguroso de mejoramiento continuo y con enfoque en la pertinencia t\u00e9cnica y uso de sistemas de informaci\u00f3n.<\/p>\n<h4><\/h4>\n<\/div><\/section><\/p><\/div>\n\n<style type=\"text\/css\" data-created_by=\"avia_inline_auto\" id=\"style-css-av-ah963-bcca0fe93fad752195f3cd6495cbe4d8\">\n.flex_column.av-ah963-bcca0fe93fad752195f3cd6495cbe4d8{\nborder-radius:0px 0px 0px 0px;\npadding:0px 0px 0px 0px;\n}\n<\/style>\n<div  class='flex_column av-ah963-bcca0fe93fad752195f3cd6495cbe4d8 av_one_half  avia-builder-el-10  el_after_av_one_half  el_before_av_one_full  flex_column_div av-zero-column-padding  column-top-margin'     ><p>\n<style type=\"text\/css\" data-created_by=\"avia_inline_auto\" id=\"style-css-av-kr1fdspu-b5a23319bf146847a50c97150d55e4a6\">\n#top .av-special-heading.av-kr1fdspu-b5a23319bf146847a50c97150d55e4a6{\npadding-bottom:10px;\n}\nbody .av-special-heading.av-kr1fdspu-b5a23319bf146847a50c97150d55e4a6 .av-special-heading-tag .heading-char{\nfont-size:25px;\n}\n.av-special-heading.av-kr1fdspu-b5a23319bf146847a50c97150d55e4a6 .av-subheading{\nfont-size:15px;\n}\n<\/style>\n<div  class='av-special-heading av-kr1fdspu-b5a23319bf146847a50c97150d55e4a6 av-special-heading-h3 meta-heading  avia-builder-el-11  el_before_av_textblock  avia-builder-el-first '><h3 class='av-special-heading-tag '  itemprop=\"headline\"  >Nuestra Visi\u00f3n<\/h3><div class=\"special-heading-border\"><div class=\"special-heading-inner-border\"><\/div><\/div><\/div><br \/>\n<section  class='av_textblock_section av-kr1fehz0-dffe6d8ab3dc14b07658c727b2d3d36c '   itemscope=\"itemscope\" itemtype=\"https:\/\/schema.org\/CreativeWork\" ><div class='avia_textblock'  itemprop=\"text\" ><p>Construir una estrategia de acompa\u00f1amiento y alianza con nuestros clientes, prestando servicios con responsabilidad, cumplimiento y transparencia.<\/p>\n<h4><\/h4>\n<\/div><\/section><\/p><\/div>\n\n<style type=\"text\/css\" data-created_by=\"avia_inline_auto\" id=\"style-css-av-5wux4b-661febcc7d80436d2b55ae77375b184e\">\n.flex_column.av-5wux4b-661febcc7d80436d2b55ae77375b184e{\nborder-radius:0px 0px 0px 0px;\npadding:0px 0px 0px 0px;\n}\n<\/style>\n<div  class='flex_column av-5wux4b-661febcc7d80436d2b55ae77375b184e av_one_full  avia-builder-el-13  el_after_av_one_half  avia-builder-el-last  first flex_column_div av-zero-column-padding  column-top-margin'     ><p>\n<style type=\"text\/css\" data-created_by=\"avia_inline_auto\" id=\"style-css-av-kr1fihk0-5f5034947955d6c2ff262ac2991b462c\">\n#top .av-special-heading.av-kr1fihk0-5f5034947955d6c2ff262ac2991b462c{\npadding-bottom:10px;\n}\nbody .av-special-heading.av-kr1fihk0-5f5034947955d6c2ff262ac2991b462c .av-special-heading-tag .heading-char{\nfont-size:25px;\n}\n.av-special-heading.av-kr1fihk0-5f5034947955d6c2ff262ac2991b462c .av-subheading{\nfont-size:15px;\n}\n<\/style>\n<div  class='av-special-heading av-kr1fihk0-5f5034947955d6c2ff262ac2991b462c av-special-heading-h3 meta-heading  avia-builder-el-14  el_before_av_testimonials  avia-builder-el-first '><h3 class='av-special-heading-tag '  itemprop=\"headline\"  >Con nuestros valores promovemos y nos comprometemos<\/h3><div class=\"special-heading-border\"><div class=\"special-heading-inner-border\"><\/div><\/div><\/div><br \/>\n\n<style type=\"text\/css\" data-created_by=\"avia_inline_auto\" id=\"style-css-av-479uaz-325d4138f7ccf2ade7568c2d88aaa42d\">\n#top .avia-testimonial-wrapper.av-479uaz-325d4138f7ccf2ade7568c2d88aaa42d .avia-testimonial-content{\ncolor:#636466;\n}\n.avia-testimonial-wrapper.av-479uaz-325d4138f7ccf2ade7568c2d88aaa42d .avia-slideshow-controls{\ncolor:#636466;\n}\n<\/style>\n<div  class='avia-testimonial-wrapper av-479uaz-325d4138f7ccf2ade7568c2d88aaa42d avia-grid-testimonials avia-grid-2-testimonials avia_animate_when_almost_visible' >\n<section class=\"avia-testimonial-row\"><div class='avia-testimonial av-382haz-51d22c0ea12dc3b934b40ced61e68ecc avia-testimonial-row-1 avia-first-testimonial flex_column no_margin av_one_half'><div class='avia-testimonial_inner'  itemscope=\"itemscope\" itemtype=\"https:\/\/schema.org\/CreativeWork\" ><div class='avia-testimonial-image'  itemprop=\"image\" ><img decoding=\"async\" width=\"180\" height=\"180\" src=\"https:\/\/www.gruporen.com\/wp-content\/uploads\/2021\/07\/Idoneidad-180x180.png\" class=\"attachment-square size-square\" alt=\"\" srcset=\"https:\/\/www.gruporen.com\/wp-content\/uploads\/2021\/07\/Idoneidad-180x180.png 180w, https:\/\/www.gruporen.com\/wp-content\/uploads\/2021\/07\/Idoneidad-80x80.png 80w, https:\/\/www.gruporen.com\/wp-content\/uploads\/2021\/07\/Idoneidad-36x36.png 36w\" sizes=\"(max-width: 180px) 100vw, 180px\" \/><\/div><div class='avia-testimonial-content av_inherit_color'><div class='avia-testimonial-markup-entry-content'  itemprop=\"text\" ><h3>Idoneidad<\/h3>\n<\/div><\/div><div class=\"avia-testimonial-meta\"><div class=\"avia-testimonial-arrow-wrap\"><div class=\"avia-arrow\"><\/div><\/div><div class='avia-testimonial-meta-mini'  itemprop=\"author\" itemscope=\"itemscope\" itemtype=\"https:\/\/schema.org\/Person\" ><\/div><\/div><\/div><\/div>\n<div class='avia-testimonial av-kr1fpyqd-42013cc1cea1dedd65072850a4334510 avia-testimonial-row-1 avia-last-testimonial flex_column no_margin av_one_half'><div class='avia-testimonial_inner'  itemscope=\"itemscope\" itemtype=\"https:\/\/schema.org\/CreativeWork\" ><div class='avia-testimonial-image'  itemprop=\"image\" ><img decoding=\"async\" width=\"180\" height=\"180\" src=\"https:\/\/www.gruporen.com\/wp-content\/uploads\/2021\/07\/Transparencia-180x180.png\" class=\"attachment-square size-square\" alt=\"\" srcset=\"https:\/\/www.gruporen.com\/wp-content\/uploads\/2021\/07\/Transparencia-180x180.png 180w, https:\/\/www.gruporen.com\/wp-content\/uploads\/2021\/07\/Transparencia-80x80.png 80w, https:\/\/www.gruporen.com\/wp-content\/uploads\/2021\/07\/Transparencia-36x36.png 36w\" sizes=\"(max-width: 180px) 100vw, 180px\" \/><\/div><div class='avia-testimonial-content av_inherit_color'><div class='avia-testimonial-markup-entry-content'  itemprop=\"text\" ><h3>Transparencia<\/h3>\n<\/div><\/div><div class=\"avia-testimonial-meta\"><div class=\"avia-testimonial-arrow-wrap\"><div class=\"avia-arrow\"><\/div><\/div><div class='avia-testimonial-meta-mini'  itemprop=\"author\" itemscope=\"itemscope\" itemtype=\"https:\/\/schema.org\/Person\" ><\/div><\/div><\/div><\/div><\/section>\n<section class=\"avia-testimonial-row\"><div class='avia-testimonial av-kr1fqlrt-b87dad791fef8b7d49160a624397c882 avia-testimonial-row-2 avia-first-testimonial flex_column no_margin av_one_half'><div class='avia-testimonial_inner'  itemscope=\"itemscope\" itemtype=\"https:\/\/schema.org\/CreativeWork\" ><div class='avia-testimonial-image'  itemprop=\"image\" ><img decoding=\"async\" width=\"180\" height=\"180\" src=\"https:\/\/www.gruporen.com\/wp-content\/uploads\/2021\/07\/Etica-180x180.png\" class=\"attachment-square size-square\" alt=\"\" srcset=\"https:\/\/www.gruporen.com\/wp-content\/uploads\/2021\/07\/Etica-180x180.png 180w, https:\/\/www.gruporen.com\/wp-content\/uploads\/2021\/07\/Etica-80x80.png 80w, https:\/\/www.gruporen.com\/wp-content\/uploads\/2021\/07\/Etica-36x36.png 36w\" sizes=\"(max-width: 180px) 100vw, 180px\" \/><\/div><div class='avia-testimonial-content av_inherit_color'><div class='avia-testimonial-markup-entry-content'  itemprop=\"text\" ><h3>\u00c9tica<\/h3>\n<\/div><\/div><div class=\"avia-testimonial-meta\"><div class=\"avia-testimonial-arrow-wrap\"><div class=\"avia-arrow\"><\/div><\/div><div class='avia-testimonial-meta-mini'  itemprop=\"author\" itemscope=\"itemscope\" itemtype=\"https:\/\/schema.org\/Person\" ><\/div><\/div><\/div><\/div>\n<div class='avia-testimonial av-kr1frem7-c85fcd94e74492c873f364291c38851a avia-testimonial-row-2 avia-last-testimonial flex_column no_margin av_one_half'><div class='avia-testimonial_inner'  itemscope=\"itemscope\" itemtype=\"https:\/\/schema.org\/CreativeWork\" ><div class='avia-testimonial-image'  itemprop=\"image\" ><img decoding=\"async\" width=\"180\" height=\"180\" src=\"https:\/\/www.gruporen.com\/wp-content\/uploads\/2021\/07\/Compromiso-180x180.png\" class=\"attachment-square size-square\" alt=\"\" srcset=\"https:\/\/www.gruporen.com\/wp-content\/uploads\/2021\/07\/Compromiso-180x180.png 180w, https:\/\/www.gruporen.com\/wp-content\/uploads\/2021\/07\/Compromiso-80x80.png 80w, https:\/\/www.gruporen.com\/wp-content\/uploads\/2021\/07\/Compromiso-36x36.png 36w\" sizes=\"(max-width: 180px) 100vw, 180px\" \/><\/div><div class='avia-testimonial-content av_inherit_color'><div class='avia-testimonial-markup-entry-content'  itemprop=\"text\" ><h3>Compromiso<\/h3>\n<\/div><\/div><div class=\"avia-testimonial-meta\"><div class=\"avia-testimonial-arrow-wrap\"><div class=\"avia-arrow\"><\/div><\/div><div class='avia-testimonial-meta-mini'  itemprop=\"author\" itemscope=\"itemscope\" itemtype=\"https:\/\/schema.org\/Person\" ><\/div><\/div><\/div><\/div><\/section>\n<\/div><\/p><\/div>\n","protected":false},"excerpt":{"rendered":"","protected":false},"author":1,"featured_media":0,"parent":0,"menu_order":0,"comment_status":"open","ping_status":"open","template":"","meta":{"rs_blank_template":"","rs_page_bg_color":"","slide_template_v7":"","inline_featured_image":false,"footnotes":""},"class_list":["post-1195","page","type-page","status-publish","hentry"],"_links":{"self":[{"href":"https:\/\/www.gruporen.com\/index.php\/wp-json\/wp\/v2\/pages\/1195","targetHints":{"allow":["GET"]}}],"collection":[{"href":"https:\/\/www.gruporen.com\/index.php\/wp-json\/wp\/v2\/pages"}],"about":[{"href":"https:\/\/www.gruporen.com\/index.php\/wp-json\/wp\/v2\/types\/page"}],"author":[{"embeddable":true,"href":"https:\/\/www.gruporen.com\/index.php\/wp-json\/wp\/v2\/users\/1"}],"replies":[{"embeddable":true,"href":"https:\/\/www.gruporen.com\/index.php\/wp-json\/wp\/v2\/comments?post=1195"}],"version-history":[{"count":22,"href":"https:\/\/www.gruporen.com\/index.php\/wp-json\/wp\/v2\/pages\/1195\/revisions"}],"predecessor-version":[{"id":3730,"href":"https:\/\/www.gruporen.com\/index.php\/wp-json\/wp\/v2\/pages\/1195\/revisions\/3730"}],"wp:attachment":[{"href":"https:\/\/www.gruporen.com\/index.php\/wp-json\/wp\/v2\/media?parent=1195"}],"curies":[{"name":"wp","href":"https:\/\/api.w.org\/{rel}","templated":true}]}}